{"id":6359,"date":"2020-10-29T09:05:02","date_gmt":"2020-10-29T09:05:02","guid":{"rendered":"http:\/\/innopaqq.de\/?page_id=6359"},"modified":"2020-10-29T10:38:00","modified_gmt":"2020-10-29T10:38:00","slug":"test1","status":"publish","type":"page","link":"https:\/\/innopaqq.de\/de\/test1\/","title":{"rendered":"test1"},"content":{"rendered":"<div id=\"fws_69f2ec4d8721d\"  data-column-margin=\"default\" data-midnight=\"dark\"  class=\"wpb_row vc_row-fluid vc_row standard_section\"  style=\"padding-top: 0px; padding-bottom: 0px; \"><div class=\"row-bg-wrap\" data-bg-animation=\"none\" data-bg-overlay=\"false\"><div class=\"inner-wrap\"><div class=\"row-bg\"  style=\"\"><\/div><\/div><div class=\"row-bg-overlay\" ><\/div><\/div><div class=\"row_col_wrap_12 col span_12 dark left\">\n\t<div  class=\"vc_col-sm-12 wpb_column column_container vc_column_container col no-extra-padding inherit_tablet inherit_phone\"  data-t-w-inherits=\"default\" data-bg-cover=\"\" data-padding-pos=\"all\" data-has-bg-color=\"false\" data-bg-color=\"\" data-bg-opacity=\"1\" data-hover-bg=\"\" data-hover-bg-opacity=\"1\" data-animation=\"\" data-delay=\"0\" >\n\t\t<div class=\"vc_column-inner\" ><div class=\"column-bg-overlay-wrap\" data-bg-animation=\"none\"><div class=\"column-bg-overlay\"><\/div><\/div>\n\t\t\t<div class=\"wpb_wrapper\">\n\t\t\t\t\n\t<div class=\"wpb_content_element\" data-interval=\"0\">\n\t\t<div class=\"wpb_wrapper tabbed clearfix\" data-style=\"minimal_flexible\" data-spacing=\"\" data-icon-size=\"36\" data-full-width-line=\"\" data-color-scheme=\"accent-color\" data-alignment=\"left\">\n\t\t\t<ul class=\"wpb_tabs_nav ui-tabs-nav clearfix\"><li><a href=\"#tab-1603962766-1-45\"><span>WAS WIR TUN<\/span><\/a><\/li><li><a href=\"#tab-1603962766-2-16\"><span>WIE WIR ES MACHEN<\/span><\/a><\/li><li><a href=\"#tab-36c8a134-90ee-5\"><span>WARUM SIND WIR ANDERS<\/span><\/a><\/li><\/ul>\n\n\t\t\t\n\t\t\t<div id=\"tab-what-we-do\" data-tab-icon=\"\" class=\"wpb_tab ui-tabs-panel wpb_ui-tabs-hide clearfix\">\n\t\t\t\t<div id=\"fws_69f2ec4d89142\" data-midnight=\"\" data-column-margin=\"default\" class=\"wpb_row vc_row-fluid vc_row inner_row standard_section\"  style=\"padding-top: 0px; padding-bottom: 0px; \"><div class=\"row-bg-wrap\"> <div class=\"row-bg\" ><\/div> <\/div><div class=\"row_col_wrap_12_inner col span_12  left\">\n\t<div  class=\"vc_col-sm-12 wpb_column column_container vc_column_container col child_column padding-5-percent inherit_tablet inherit_phone\"   data-t-w-inherits=\"default\" data-bg-cover=\"\" data-padding-pos=\"left-right\" data-has-bg-color=\"false\" data-bg-color=\"\" data-bg-opacity=\"1\" data-hover-bg=\"\" data-hover-bg-opacity=\"1\" data-animation=\"\" data-delay=\"0\">\n\t\t<div class=\"vc_column-inner\" ><div class=\"column-bg-overlay-wrap\" data-bg-animation=\"none\"><div class=\"column-bg-overlay\"><\/div><\/div>\n\t\t<div class=\"wpb_wrapper\">\n\t\t\t<h3 style=\"font-size: 22px;color: #515151;text-align: center\" class=\"vc_custom_heading vc_custom_1603967695834\" >Wir helfen Ihnen mit unserer \u00fcber 20-j\u00e4hrigen Erfahrung in der Verpackungsentwicklung in multinationalen FMCG-Unternehmen, das volle Potenzial der Verpackung f\u00fcr Ihre Marken und Produkte zu nutzen.<\/h3><p style=\"font-size: 18px;color: #797979;text-align: justify\" class=\"vc_custom_heading wpb_animate_when_almost_visible wpb_fadeIn fadeIn vc_custom_1603967199891\" >Die Verpackung ist heute eines der wichtigsten und doch immer noch am meisten vernachl\u00e4ssigten Marketinginstrumente f\u00fcr Ihre Produkte. Nat\u00fcrlich erf\u00fcllen die meisten Verpackungen die technischen Grundvoraussetzungen wie Produktschutz und effiziente Distribution entlang der gesamten Lieferkette, aber lassen sie Ihre Produkte wirklich im besten Licht erscheinen und sich in den verschiedenen \"Moments of Truth\" hervorheben, wenn die Verbraucher \u00fcber den Kauf Ihres Produkts oder das Ihres Konkurrenten entscheiden?<\/p><p style=\"font-size: 18px;color: #797979;text-align: justify\" class=\"vc_custom_heading wpb_animate_when_almost_visible wpb_fadeIn fadeIn vc_custom_1603967214289\" >Ist Ihre Verpackung zu komplex und zu teuer, ohne eine angemessene Kapitalrendite zu erzielen? Ist Ihre Verpackung recycelbar und f\u00fcr die Verwendung von recycelten Kunststoffen ausgelegt? Und ist Ihre Organisation agil und innovativ, um die anstehenden Initiativen mit verbraucherrelevanten Innovationen anzukurbeln? Wir kennen nicht alle Antworten auf diese Fragen, aber wir sind dazu da, sie gemeinsam mit Ihnen und unserem weit verzweigten Netzwerk von Verpackungsexperten und Lieferanten zu finden.<\/p>\n\t\t<\/div> \n\t<\/div>\n\t<\/div> \n<\/div><\/div>\n\t\t\t<\/div> \n\t\t\t<div id=\"tab-how-we-do-it\" data-tab-icon=\"\" class=\"wpb_tab ui-tabs-panel wpb_ui-tabs-hide clearfix\">\n\t\t\t\t<div id=\"fws_69f2ec4d8b5e9\" data-midnight=\"\" data-column-margin=\"default\" class=\"wpb_row vc_row-fluid vc_row inner_row standard_section\"  style=\"padding-top: 0px; padding-bottom: 0px; \"><div class=\"row-bg-wrap\"> <div class=\"row-bg\" ><\/div> <\/div><div class=\"row_col_wrap_12_inner col span_12  left\">\n\t<div  class=\"vc_col-sm-12 wpb_column column_container vc_column_container col child_column padding-5-percent inherit_tablet inherit_phone\"   data-t-w-inherits=\"default\" data-bg-cover=\"\" data-padding-pos=\"left-right\" data-has-bg-color=\"false\" data-bg-color=\"\" data-bg-opacity=\"1\" data-hover-bg=\"\" data-hover-bg-opacity=\"1\" data-animation=\"\" data-delay=\"0\">\n\t\t<div class=\"vc_column-inner\" ><div class=\"column-bg-overlay-wrap\" data-bg-animation=\"none\"><div class=\"column-bg-overlay\"><\/div><\/div>\n\t\t<div class=\"wpb_wrapper\">\n\t\t\t<h3 style=\"font-size: 22px;color: #515151;text-align: center\" class=\"vc_custom_heading vc_custom_1603967658114\" >Da jede Herausforderung anders ist, ist auch jedes Projekt anders. Aber bei allen Projekten st\u00fctzt sich unser Ansatz f\u00fcr Erfolg auf 3 Haupts\u00e4ulen.<\/h3><p style=\"font-size: 18px;color: #797979;text-align: justify\" class=\"vc_custom_heading vc_custom_1603967315008\" >Nach der gemeinsamen klaren Definition Ihres Projekts untersuchen wir zun\u00e4chst das gesamte Umfeld, indem wir Input von allen Beteiligten sowohl innerhalb Ihres Unternehmens als auch von involvierten Lieferanten und Kunden sammeln. Falls erforderlich, beziehen wir auch nicht benachbarte Partner in der Wertsch\u00f6pfungskette ein oder initiieren Kunden- und Verbraucherforschung, um sicherzustellen, dass wir ein m\u00f6glichst vollst\u00e4ndiges Bild des Projektes haben. <\/p><p style=\"font-size: 18px;color: #797979;text-align: justify\" class=\"vc_custom_heading vc_custom_1603967341439\" >In der Ideenfindungsphase denken wir \u00fcber den Tellerrand hinaus und erarbeiten gemeinsam mit Ihnen ein breites Spektrum m\u00f6glicher L\u00f6sungen, unabh\u00e4ngig von den derzeitigen Grenzen, internen Barrieren oder finanziellen Auswirkungen. Dabei beziehen wir auch unser weit verzweigtes Netzwerk der Verpackungsindustrie mit ein, um Ansichten aus verschiedenen Blickwinkeln zu erhalten. Zusammen mit den Hauptakteuren bewerten wir dann alle Ideen hinsichtlich ihrer Machbarkeit und finanziellen Rahmenbedingungen und finden so die beste L\u00f6sung f\u00fcr das Projekt. Gemeinsam erarbeiten wir dann die weiteren Details und verifizieren die Ergebnisse, bevor gr\u00f6\u00dfere Investitionen get\u00e4tigt werden. Schlie\u00dflich wird die Implementierung und Einf\u00fchrung geplant und durchgef\u00fchrt.<\/p>\n\t\t<\/div> \n\t<\/div>\n\t<\/div> \n<\/div><\/div>\n\t\t\t<\/div> \n\t\t\t<div id=\"tab-why-are-we-unique\" data-tab-icon=\"\" class=\"wpb_tab ui-tabs-panel wpb_ui-tabs-hide clearfix\">\n\t\t\t\t<div id=\"fws_69f2ec4d8c7c2\" data-midnight=\"\" data-column-margin=\"default\" class=\"wpb_row vc_row-fluid vc_row inner_row standard_section\"  style=\"padding-top: 0px; padding-bottom: 0px; \"><div class=\"row-bg-wrap\"> <div class=\"row-bg\" ><\/div> <\/div><div class=\"row_col_wrap_12_inner col span_12  left\">\n\t<div  class=\"vc_col-sm-12 wpb_column column_container vc_column_container col child_column padding-5-percent inherit_tablet inherit_phone\"   data-t-w-inherits=\"default\" data-bg-cover=\"\" data-padding-pos=\"left-right\" data-has-bg-color=\"false\" data-bg-color=\"\" data-bg-opacity=\"1\" data-hover-bg=\"\" data-hover-bg-opacity=\"1\" data-animation=\"\" data-delay=\"0\">\n\t\t<div class=\"vc_column-inner\" ><div class=\"column-bg-overlay-wrap\" data-bg-animation=\"none\"><div class=\"column-bg-overlay\"><\/div><\/div>\n\t\t<div class=\"wpb_wrapper\">\n\t\t\t<h3 style=\"font-size: 22px;color: #515151;text-align: center\" class=\"vc_custom_heading wpb_animate_when_almost_visible wpb_fadeIn fadeIn vc_custom_1603967631536\" >In den letzten Jahrzehnten hat sich die Bedeutung der Verpackung in der FMCG Industrie fundamental ver\u00e4ndert von einem notwendigen \u00dcbel hin zu einem der wichtigsten Marketinginstrumente und einem wichtigen Faktor f\u00fcr die Zufriedenheit der Kunden mit dem Produkt.<\/h3><p style=\"font-size: 18px;color: #797979;text-align: justify\" class=\"vc_custom_heading vc_custom_1603966452366\" >Diese Bedeutung wird weiter zunehmen in der Zukunft durch aktive und intelligente Verpackungen, die M\u00f6glichkeiten bieten, die wir uns heute kaum vorstellen k\u00f6nnen. Noch sind die neuen Technologien nicht wirtschaftlich f\u00fcr FMCG Produkte und es fehlen sinnvolle Anwendungen, die wirkliche Vorteile f\u00fcr die Kunden bieten, aber die Entwicklung schreitet schnell voran. Anders als bei den Produktvorteilen ist die Wahrnehmung der Verpackung durch die Konsumenten eher unterbewusst, was es so schwierig macht, die Verbraucher einfach nach ihren W\u00fcnschen zu fragen und sie umzusetzen. Unsere langj\u00e4hrige Erfahrung in der Branche mit zahlreichen erfolgreichen Projekten trotz gro\u00dfer Herausforderungen erm\u00f6glicht es uns auch Ihnen bei jeder Herausforderung im Verpackungsumfeld zu helfen.<\/p>\n\t\t<\/div> \n\t<\/div>\n\t<\/div> \n<\/div><\/div>\n\t\t\t<\/div> \n\t\t<\/div> \n\t<\/div> \n\t\t\t<\/div> \n\t\t<\/div>\n\t<\/div> \n<\/div><\/div>","protected":false},"excerpt":{"rendered":"WHAT WE DOHOW WE DO ITWHY ARE WE UNIQUE We help you with our 20+ years of packaging development experience in multinational FMCG companies to unleash the full potential of...","protected":false},"author":1,"featured_media":0,"parent":0,"menu_order":0,"comment_status":"closed","ping_status":"closed","template":"","meta":{"footnotes":""},"class_list":["post-6359","page","type-page","status-publish"],"_links":{"self":[{"href":"https:\/\/innopaqq.de\/de\/wp-json\/wp\/v2\/pages\/6359","targetHints":{"allow":["GET"]}}],"collection":[{"href":"https:\/\/innopaqq.de\/de\/wp-json\/wp\/v2\/pages"}],"about":[{"href":"https:\/\/innopaqq.de\/de\/wp-json\/wp\/v2\/types\/page"}],"author":[{"embeddable":true,"href":"https:\/\/innopaqq.de\/de\/wp-json\/wp\/v2\/users\/1"}],"replies":[{"embeddable":true,"href":"https:\/\/innopaqq.de\/de\/wp-json\/wp\/v2\/comments?post=6359"}],"version-history":[{"count":24,"href":"https:\/\/innopaqq.de\/de\/wp-json\/wp\/v2\/pages\/6359\/revisions"}],"predecessor-version":[{"id":6383,"href":"https:\/\/innopaqq.de\/de\/wp-json\/wp\/v2\/pages\/6359\/revisions\/6383"}],"wp:attachment":[{"href":"https:\/\/innopaqq.de\/de\/wp-json\/wp\/v2\/media?parent=6359"}],"curies":[{"name":"wp","href":"https:\/\/api.w.org\/{rel}","templated":true}]}}